{"id":96,"date":"2023-11-14T08:40:06","date_gmt":"2023-11-14T08:40:06","guid":{"rendered":"https:\/\/rmc.crosspoint.ch\/?page_id=96"},"modified":"2024-11-04T17:41:57","modified_gmt":"2024-11-04T16:41:57","slug":"our-services","status":"publish","type":"page","link":"https:\/\/rmc-consulting.ch\/de\/our-services\/","title":{"rendered":"Unsere Dienstleistungen"},"content":{"rendered":"<div class=\"wp-block-stackable-call-to-action stk-block-call-to-action stk-block stk-80501f1 stk-block-background stk--has-background-overlay\" data-v=\"2\" data-block-id=\"80501f1\"><style>.stk-80501f1 {background-color:var(--theme-palette-color-3, #4d5d6d) !important;background-image:url(https:\/\/rmc-consulting.ch\/wp-content\/uploads\/2024\/09\/DSC_4837.png) !important;min-height:450px !important;align-items:flex-end !important;display:flex !important;}.stk-80501f1:before{background-color:var(--theme-palette-color-3, #4d5d6d) !important;opacity:0 !important;}<\/style><div class=\"stk-block-call-to-action__content stk-content-align stk-80501f1-column stk-container stk-80501f1-container stk--no-background stk--no-padding\"><div class=\"has-text-align-center stk-block-content stk-inner-blocks stk-80501f1-inner-blocks\">\n<div class=\"wp-block-stackable-heading stk-block-heading stk-block-heading--v2 stk-block stk-2b51d47 stk-block-background\" id=\"the-complete-package-for-market-success\" data-block-id=\"2b51d47\"><style>.stk-2b51d47 {background-color:#9f9887 !important;align-items:center !important;max-width:535px !important;min-width:auto !important;display:flex !important;opacity:1 !important;}.stk-2b51d47:before{background-color:#9f9887 !important;}.stk-2b51d47 .stk-block-heading__text{text-shadow:none !important;font-size:25px !important;color:var(--theme-palette-color-7, #FBFBFC) !important;}@media screen and (max-width:999px){.stk-2b51d47 .stk-block-heading__text{font-size:25px !important;}}<\/style><h3 class=\"stk-block-heading__text has-text-color has-white-color has-text-align-left\">Das Komplettpaket f\u00fcr Ihren Erfolg im Markt.<\/h3><\/div>\n<\/div><\/div><\/div>\n\n\n\n<div class=\"wp-block-stackable-heading stk-block-heading stk-block-heading--v2 stk-block stk-a148d4b\" id=\"mind-the-gap-have-you-thought-of-everything\" data-block-id=\"a148d4b\"><style>.stk-a148d4b .stk-block-heading__text{color:#313131 !important;}<\/style><h2 class=\"stk-block-heading__text has-text-color\">L\u00fccken schliessen.\nHaben Sie an alles gedacht?<\/h2><\/div>\n\n\n\n<p><strong>RMC Consulting AG bietet Ihnen ein Komplettpaket an Leistungen, die Sie ganz nach Ihren Bed\u00fcrfnissen zusammenstellen.<\/strong><\/p>\n\n\n\n<p>Zu den Kernkompetenzen geh\u00f6rt, Konzepte und Strategien zu erstellen. Wir unterst\u00fctzen Sie beim Verfassen von Businesspl\u00e4nen und decken allf\u00e4llige L\u00fccken auf, die es beim Eintritt in einen internationalen \u2013 oder auch den schweizerischen \u2013 Markt zu schliessen gilt.\n\nDar\u00fcber hinaus beraten wir Teams aus Verkauf, Marketing, Produktmanagement oder Forschung und Entwicklung. Unser intensives Coaching bereitet alle Beteiligten auf den Aufbau neuer Absatzm\u00e4rkte und auf neue Aufgaben im Rahmen einer nationalen oder internationalen Verkaufsstrategie vor.\n\nWir stehen Ihnen aber nicht nur f\u00fcr die Umsetzung einer grossen Strategie von A bis Z zur Verf\u00fcgung. Sie k\u00f6nnen uns gerne auch einfach beiziehen, um Ihre bereits formulierte Expansionsstrategie auf Schwachstellen zu \u00fcberpr\u00fcfen und potenzielle H\u00fcrden fr\u00fchzeitig aus dem Weg zu r\u00e4umen.<\/p>\n\n\n\n<div class=\"wp-block-stackable-columns aligncenter stk-block-columns stk-block stk-95d5210\" data-block-id=\"95d5210\"><div class=\"stk-row stk-inner-blocks stk-block-content stk-content-align stk-95d5210-column\">\n<div class=\"wp-block-stackable-column stk-block-column stk-column stk-block stk-dbcc706\" data-v=\"4\" data-block-id=\"dbcc706\"><div class=\"stk-column-wrapper stk-block-column__content stk-container stk-dbcc706-container stk--no-background stk--no-padding\"><div class=\"stk-block-content stk-inner-blocks stk-dbcc706-inner-blocks\">\n<div class=\"wp-block-stackable-feature-grid alignfull stk-block-feature-grid stk-block-columns stk-block stk-5d696b9 is-style-default\" data-block-id=\"5d696b9\"><div class=\"stk-row stk-inner-blocks has-text-align-center stk-block-content stk-content-align stk-5d696b9-column alignwide\">\n<div class=\"wp-block-stackable-column stk-block-column stk-column stk-block stk-3cfd10d\" data-v=\"4\" data-block-id=\"3cfd10d\"><style>.stk-3cfd10d-container{border-radius:20px !important;overflow:hidden !important;box-shadow:0 5px 5px 0 #123f5209 !important;}<\/style><div class=\"stk-column-wrapper stk-block-column__content stk-container stk-3cfd10d-container stk-hover-parent\"><div class=\"has-text-align-left stk-block-content stk-inner-blocks stk-3cfd10d-inner-blocks\">\n<div class=\"wp-block-stackable-image stk-block-image stk-block stk-ab1e781\" data-block-id=\"ab1e781\"><figure><span class=\"stk-img-wrapper stk-image--shape-stretch\"><img loading=\"lazy\" decoding=\"async\" class=\"stk-img wp-image-483\" src=\"https:\/\/rmc-consulting.ch.olaf.ch-meta.net\/wp-content\/uploads\/2024\/08\/DSC_6627_918.png\" width=\"1472\" height=\"982\" alt=\"Buildings with Sky\" srcset=\"https:\/\/rmc-consulting.ch\/wp-content\/uploads\/2024\/08\/DSC_6627_918.png 1472w, https:\/\/rmc-consulting.ch\/wp-content\/uploads\/2024\/08\/DSC_6627_918-300x200.png 300w, https:\/\/rmc-consulting.ch\/wp-content\/uploads\/2024\/08\/DSC_6627_918-1024x683.png 1024w, https:\/\/rmc-consulting.ch\/wp-content\/uploads\/2024\/08\/DSC_6627_918-768x512.png 768w, https:\/\/rmc-consulting.ch\/wp-content\/uploads\/2024\/08\/DSC_6627_918-18x12.png 18w\" sizes=\"auto, (max-width: 1472px) 100vw, 1472px\" \/><\/span><\/figure><\/div>\n\n\n\n<div class=\"wp-block-stackable-heading stk-block-heading stk-block-heading--v2 stk-block stk-bf4db99\" id=\"consulting\" data-block-id=\"bf4db99\"><style>.stk-bf4db99 .stk-block-heading__text{font-weight:bold !important;font-family:\"Inter\", Sans-serif !important;}<\/style><h3 class=\"stk-block-heading__text\">Consulting<\/h3><\/div>\n\n\n\n<p>Die RMC Consulting AG unterst\u00fctzt Sie bei der Entwicklung eines Markteintrittsplans unter Einbeziehung lokaler Partner f\u00fcr erfolgreiches Teamwork. Wir f\u00fchren multikulturelle Teams, um langfristigen Erfolg im nationalen und internationalen Vertrieb zu erreichen.<\/p>\n\n\n\n<div class=\"wp-block-stackable-button-group stk-block-button-group stk-block stk-414e91e\" data-block-id=\"414e91e\"><style>.stk-414e91e .stk-button-group{flex-direction:row !important;}@media screen and (max-width:999px){.stk-414e91e .stk-button-group{flex-direction:row !important;}}@media screen and (max-width:689px){.stk-414e91e .stk-button-group{flex-direction:row !important;}}<\/style><div class=\"stk-row stk-inner-blocks stk-block-content stk-button-group\">\n<div class=\"wp-block-stackable-button stk-block-button stk-block stk-cc5ec1e\" data-block-id=\"cc5ec1e\"><style>.stk-cc5ec1e .stk-button{padding-right:24px !important;padding-left:24px !important;background:#313131 !important;}.stk-cc5ec1e .stk-button .stk--inner-svg svg:last-child, .stk-cc5ec1e .stk-button .stk--inner-svg svg:last-child :is(g, path, rect, polygon, ellipse){fill:#313131 !important;}.stk-cc5ec1e .stk-button__inner-text{font-size:18px !important;font-family:\"Inter\", Sans-serif !important;}@media screen and (max-width:999px){.stk-cc5ec1e .stk-button__inner-text{font-size:18px !important;}}<\/style><a class=\"stk-link stk-button stk--hover-effect-darken\" href=\"https:\/\/rmc-consulting.ch\/de\/contact\/\"><span class=\"has-white-color stk-button__inner-text\">Jetzt vernetzen<\/span><\/a><\/div>\n<\/div><\/div>\n<\/div><\/div><\/div>\n\n\n\n<div class=\"wp-block-stackable-column stk-block-column stk-column stk-block stk-8195771\" data-v=\"4\" data-block-id=\"8195771\"><style>.stk-8195771-container{border-radius:20px !important;overflow:hidden !important;box-shadow:0 5px 5px 0 #123f5209 !important;}<\/style><div class=\"stk-column-wrapper stk-block-column__content stk-container stk-8195771-container stk-hover-parent\"><div class=\"has-text-align-left stk-block-content stk-inner-blocks stk-8195771-inner-blocks\">\n<div class=\"wp-block-stackable-image stk-block-image stk-block stk-5a932e4\" data-block-id=\"5a932e4\"><figure><span class=\"stk-img-wrapper stk-image--shape-stretch\"><img loading=\"lazy\" decoding=\"async\" class=\"stk-img wp-image-613\" src=\"https:\/\/rmc-consulting.ch.olaf.ch-meta.net\/wp-content\/uploads\/2024\/10\/Coaching.png\" width=\"1104\" height=\"737\" alt=\"One-to-One Coaching\" srcset=\"https:\/\/rmc-consulting.ch\/wp-content\/uploads\/2024\/10\/Coaching.png 1104w, https:\/\/rmc-consulting.ch\/wp-content\/uploads\/2024\/10\/Coaching-300x200.png 300w, https:\/\/rmc-consulting.ch\/wp-content\/uploads\/2024\/10\/Coaching-1024x684.png 1024w, https:\/\/rmc-consulting.ch\/wp-content\/uploads\/2024\/10\/Coaching-768x513.png 768w, https:\/\/rmc-consulting.ch\/wp-content\/uploads\/2024\/10\/Coaching-18x12.png 18w\" sizes=\"auto, (max-width: 1104px) 100vw, 1104px\" \/><\/span><\/figure><\/div>\n\n\n\n<div class=\"wp-block-stackable-heading stk-block-heading stk-block-heading--v2 stk-block stk-0ae6fcd\" id=\"coaching\" data-block-id=\"0ae6fcd\"><style>.stk-0ae6fcd .stk-block-heading__text{font-weight:bold !important;font-family:\"Inter\", Sans-serif !important;}<\/style><h3 class=\"stk-block-heading__text\">Coaching<\/h3><\/div>\n\n\n\n<div class=\"wp-block-stackable-text stk-block-text stk-block stk-fd73f5e\" data-block-id=\"fd73f5e\"><p class=\"stk-block-text__text\">Die RMC Consulting AG bietet gezieltes Coaching f\u00fcr Gesch\u00e4ftsentwicklung und effektive Teamf\u00fchrung, um Ihren internationalen Markterfolg zu sichern.<\/p><\/div>\n\n\n\n<div class=\"wp-block-stackable-button-group stk-block-button-group stk-block stk-354d07c\" data-block-id=\"354d07c\"><style>.stk-354d07c .stk-button-group{flex-direction:row !important;}@media screen and (max-width:999px){.stk-354d07c .stk-button-group{flex-direction:row !important;}}@media screen and (max-width:689px){.stk-354d07c .stk-button-group{flex-direction:row !important;}}<\/style><div class=\"stk-row stk-inner-blocks stk-block-content stk-button-group\">\n<div class=\"wp-block-stackable-button stk-block-button is-style-plain stk-block stk-75e5f26\" data-block-id=\"75e5f26\"><style>.stk-75e5f26 .stk-button{padding-right:24px !important;padding-left:24px !important;background:#313131 !important;}.stk-75e5f26 .stk-button__inner-text{font-size:18px !important;color:#FFFFFF !important;font-family:\"Inter\", Sans-serif !important;}@media screen and (max-width:999px){.stk-75e5f26 .stk-button__inner-text{font-size:18px !important;}}<\/style><a class=\"stk-link stk-button stk--hover-effect-darken\" href=\"https:\/\/rmc-consulting.ch\/de\/contact\/\"><span class=\"has-text-color has-white-color stk-button__inner-text\">Zur Anfrage<\/span><\/a><\/div>\n<\/div><\/div>\n<\/div><\/div><\/div>\n\n\n\n<div class=\"wp-block-stackable-column stk-block-column stk-column stk-block stk-e40a05c\" data-v=\"4\" data-block-id=\"e40a05c\"><style>.stk-e40a05c-container{border-radius:20px !important;overflow:hidden !important;box-shadow:0 5px 5px 0 #123f5209 !important;}<\/style><div class=\"stk-column-wrapper stk-block-column__content stk-container stk-e40a05c-container stk-hover-parent\"><div class=\"has-text-align-left stk-block-content stk-inner-blocks stk-e40a05c-inner-blocks\">\n<div class=\"wp-block-stackable-image stk-block-image stk-block stk-7a73930\" data-block-id=\"7a73930\"><style>.stk-7a73930 {margin-bottom:25px !important;}.stk-7a73930 .stk-img-wrapper{width:100% !important;height:229px !important;}<\/style><figure><span class=\"stk-img-wrapper stk-image--shape-stretch\"><img loading=\"lazy\" decoding=\"async\" class=\"stk-img wp-image-530\" src=\"https:\/\/rmc-consulting.ch.olaf.ch-meta.net\/wp-content\/uploads\/2024\/10\/ASPAC-1359.png\" width=\"1472\" height=\"982\" alt=\"Road to customer\" srcset=\"https:\/\/rmc-consulting.ch\/wp-content\/uploads\/2024\/10\/ASPAC-1359.png 1472w, https:\/\/rmc-consulting.ch\/wp-content\/uploads\/2024\/10\/ASPAC-1359-300x200.png 300w, https:\/\/rmc-consulting.ch\/wp-content\/uploads\/2024\/10\/ASPAC-1359-1024x683.png 1024w, https:\/\/rmc-consulting.ch\/wp-content\/uploads\/2024\/10\/ASPAC-1359-768x512.png 768w, https:\/\/rmc-consulting.ch\/wp-content\/uploads\/2024\/10\/ASPAC-1359-18x12.png 18w\" sizes=\"auto, (max-width: 1472px) 100vw, 1472px\" \/><\/span><\/figure><\/div>\n\n\n\n<div class=\"wp-block-stackable-heading stk-block-heading stk-block-heading--v2 stk-block stk-41aea73\" id=\"securing-sales-amp-distribution-partners\" data-block-id=\"41aea73\"><style>.stk-41aea73 .stk-block-heading__text{font-weight:bold !important;font-family:\"Inter\", Sans-serif !important;}<\/style><h3 class=\"stk-block-heading__text\">Aufbau Vertriebspartner<\/h3><\/div>\n\n\n\n<div class=\"wp-block-stackable-text stk-block-text stk-block stk-0bf0788\" data-block-id=\"0bf0788\"><p class=\"stk-block-text__text\">Ein starker Partner ist entscheidend f\u00fcr den Erfolg in einem neuen Markt. Wir helfen Ihnen, die passenden Vertriebspartner und Gesch\u00e4ftspartner f\u00fcr Ihre Projekte zu finden. Wir begleiten Sie bei jedem Schritt, um erfolgreiche Vertriebspartnerschaften in Ihrem Zielland aufzubauen.<\/p><\/div>\n\n\n\n<div class=\"wp-block-stackable-button-group stk-block-button-group stk-block stk-8516425\" data-block-id=\"8516425\"><style>.stk-8516425 .stk-button-group{flex-direction:row !important;}@media screen and (max-width:999px){.stk-8516425 .stk-button-group{flex-direction:row !important;}}@media screen and (max-width:689px){.stk-8516425 .stk-button-group{flex-direction:row !important;}}<\/style><div class=\"stk-row stk-inner-blocks stk-block-content stk-button-group\">\n<div class=\"wp-block-stackable-button stk-block-button is-style-plain stk-block stk-80fae6d\" data-block-id=\"80fae6d\"><style>.stk-80fae6d .stk-button{padding-right:24px !important;padding-left:24px !important;background:#313131 !important;}.stk-80fae6d .stk-button__inner-text{font-size:18px !important;color:#FFFFFF !important;font-family:\"Inter\", Sans-serif !important;}@media screen and (max-width:999px){.stk-80fae6d .stk-button__inner-text{font-size:18px !important;}}<\/style><a class=\"stk-link stk-button stk--hover-effect-darken\" href=\"https:\/\/rmc-consulting.ch\/de\/contact\/\"><span class=\"has-text-color has-white-color stk-button__inner-text\">Jetzt starten<\/span><\/a><\/div>\n<\/div><\/div>\n<\/div><\/div><\/div>\n<\/div><\/div>\n<\/div><\/div><\/div>\n<\/div><\/div>","protected":false},"excerpt":{"rendered":"<p>The complete package for market success. Mind the gap. Have you thought of everything? RMC Consulting AG offers you a complete package of services to choose from to suit your specific needs. One of our many core competencies is concept and strategy development. We support you in the creation of business plans by pointing out [&hellip;]<\/p>","protected":false},"author":1,"featured_media":0,"parent":0,"menu_order":0,"comment_status":"closed","ping_status":"closed","template":"","meta":{"footnotes":""},"class_list":["post-96","page","type-page","status-publish","hentry"],"blocksy_meta":[],"_links":{"self":[{"href":"https:\/\/rmc-consulting.ch\/de\/wp-json\/wp\/v2\/pages\/96","targetHints":{"allow":["GET"]}}],"collection":[{"href":"https:\/\/rmc-consulting.ch\/de\/wp-json\/wp\/v2\/pages"}],"about":[{"href":"https:\/\/rmc-consulting.ch\/de\/wp-json\/wp\/v2\/types\/page"}],"author":[{"embeddable":true,"href":"https:\/\/rmc-consulting.ch\/de\/wp-json\/wp\/v2\/users\/1"}],"replies":[{"embeddable":true,"href":"https:\/\/rmc-consulting.ch\/de\/wp-json\/wp\/v2\/comments?post=96"}],"version-history":[{"count":40,"href":"https:\/\/rmc-consulting.ch\/de\/wp-json\/wp\/v2\/pages\/96\/revisions"}],"predecessor-version":[{"id":704,"href":"https:\/\/rmc-consulting.ch\/de\/wp-json\/wp\/v2\/pages\/96\/revisions\/704"}],"wp:attachment":[{"href":"https:\/\/rmc-consulting.ch\/de\/wp-json\/wp\/v2\/media?parent=96"}],"curies":[{"name":"wp","href":"https:\/\/api.w.org\/{rel}","templated":true}]}}