{"id":538,"date":"2024-10-19T15:31:38","date_gmt":"2024-10-19T14:31:38","guid":{"rendered":"https:\/\/rmc.crosspoint.ch\/?page_id=538"},"modified":"2024-11-04T17:05:38","modified_gmt":"2024-11-04T16:05:38","slug":"contact-2","status":"publish","type":"page","link":"https:\/\/rmc-consulting.ch\/de\/contact-2\/","title":{"rendered":"Kontakt"},"content":{"rendered":"<div class=\"wp-block-stackable-call-to-action stk-block-call-to-action stk-block stk-80501f1 stk-block-background stk--has-background-overlay\" data-v=\"2\" data-block-id=\"80501f1\"><style>.stk-80501f1 {background-color:var(u002du002dtheme-palette-color-3, #4d5d6d) !important;background-image:url(https:\/\/rmc-consulting.ch\/wp-content\/uploads\/2024\/10\/DSC_4952-scaled.jpg) !important;min-height:450px !important;align-items:flex-end !important;display:flex !important;}.stk-80501f1:before{background-color:var(u002du002dtheme-palette-color-3, #4d5d6d) !important;opacity:0 !important;}<\/style><div class=\"stk-block-call-to-action__content stk-content-align stk-80501f1-column stk-container stk-80501f1-container stk--no-background stk--no-padding\"><div class=\"has-text-align-center stk-block-content stk-inner-blocks stk-80501f1-inner-blocks\">\n<div class=\"wp-block-stackable-heading stk-block-heading stk-block-heading--v2 stk-block stk-2b51d47 stk-block-background\" id=\"where-would-you-like-to-go\" data-block-id=\"2b51d47\"><style>.stk-2b51d47 {background-color:#9f9887 !important;align-items:center !important;max-width:535px !important;min-width:auto !important;display:flex !important;opacity:1 !important;}.stk-2b51d47:before{background-color:#9f9887 !important;}.stk-2b51d47 .stk-block-heading__text{text-shadow:none !important;font-size:25px !important;color:var(u002du002dtheme-palette-color-8, #ffffff) !important;}@media screen and (max-width:999px){.stk-2b51d47 .stk-block-heading__text{font-size:25px !important;}}<\/style><h2 class=\"stk-block-heading__text has-text-color has-white-color has-text-align-left\">Wohin m\u00f6chten Sie gehen?<\/h2><\/div>\n<\/div><\/div><\/div>\n\n\n\n<div class=\"wp-block-stackable-heading stk-block-heading stk-block-heading--v2 stk-block stk-a148d4b\" id=\"entering-uncharted-waters-we-can-help-you-take-the-first-step\" data-block-id=\"a148d4b\"><style>.stk-a148d4b {padding-top:0px !important;padding-right:0px !important;padding-bottom:0px !important;padding-left:0px !important;}.stk-a148d4b .stk-block-heading__text{color:#313131 !important;}<\/style><h2 class=\"stk-block-heading__text has-text-color\">Neuland in Sicht. Wann betreten Sie es?<\/h2><\/div>\n\n\n\n<div class=\"wp-block-columns is-layout-flex wp-container-core-columns-is-layout-1 wp-block-columns-is-layout-flex\">\n<div class=\"wp-block-column is-layout-flow wp-block-column-is-layout-flow\" style=\"flex-basis:33.33%\">\n<h3 class=\"wp-block-heading has-medium-font-size\">RMC Consulting AG&nbsp;<\/h3>\n\n\n\n<p class=\"has-palette-color-2-color has-text-color has-link-color wp-elements-a6f98a7a303e9b032153f6b110706454\">Lindenstrasse 26&nbsp;<br>CH-8730 Uznach&nbsp;<br>Switzerland<br>T +41 55 280 11 44&nbsp;<br><a href=\"mailto:info@rmc-consulting.ch\">info@rmc-consulting.ch<\/a><\/p>\n<\/div>\n\n\n\n<div class=\"wp-block-column is-layout-flow wp-block-column-is-layout-flow\" style=\"flex-basis:66.66%\">\n<p>RMC Consulting AG ber\u00e4t Sie gerne bei der Entwicklung und Gestaltung von Produkten und beim Eintritt in neue M\u00e4rkte im In- und Ausland.<\/p>\n\n\n\n<p>Welches Neuland m\u00f6chten Sie betreten? Teilen Sie es uns mit. Wir freuen uns darauf, Ihr Projekt mit Ihnen zu besprechen. Kompetent, zuverl\u00e4ssig, pers\u00f6nlich.<\/p>\n<\/div>\n<\/div>\n\n\n\n<p><\/p>","protected":false},"excerpt":{"rendered":"<p>Where would you like to go? Entering uncharted waters?&nbsp;We can help you take the first step. RMC Consulting AG&nbsp; Lindenstrasse 26&nbsp;CH-8730 Uznach&nbsp;SwitzerlandT +41 55 280 11 44&nbsp;info@rmc-consulting.ch RMC Consulting AG is happy to consult with you on the development and structuring of products for entrance into a new market locally or abroad. Which new territory [&hellip;]<\/p>","protected":false},"author":3,"featured_media":0,"parent":0,"menu_order":0,"comment_status":"closed","ping_status":"closed","template":"","meta":{"footnotes":""},"class_list":["post-538","page","type-page","status-publish","hentry"],"blocksy_meta":[],"_links":{"self":[{"href":"https:\/\/rmc-consulting.ch\/de\/wp-json\/wp\/v2\/pages\/538","targetHints":{"allow":["GET"]}}],"collection":[{"href":"https:\/\/rmc-consulting.ch\/de\/wp-json\/wp\/v2\/pages"}],"about":[{"href":"https:\/\/rmc-consulting.ch\/de\/wp-json\/wp\/v2\/types\/page"}],"author":[{"embeddable":true,"href":"https:\/\/rmc-consulting.ch\/de\/wp-json\/wp\/v2\/users\/3"}],"replies":[{"embeddable":true,"href":"https:\/\/rmc-consulting.ch\/de\/wp-json\/wp\/v2\/comments?post=538"}],"version-history":[{"count":5,"href":"https:\/\/rmc-consulting.ch\/de\/wp-json\/wp\/v2\/pages\/538\/revisions"}],"predecessor-version":[{"id":701,"href":"https:\/\/rmc-consulting.ch\/de\/wp-json\/wp\/v2\/pages\/538\/revisions\/701"}],"wp:attachment":[{"href":"https:\/\/rmc-consulting.ch\/de\/wp-json\/wp\/v2\/media?parent=538"}],"curies":[{"name":"wp","href":"https:\/\/api.w.org\/{rel}","templated":true}]}}