{"id":514,"date":"2024-10-12T11:24:02","date_gmt":"2024-10-12T10:24:02","guid":{"rendered":"https:\/\/rmc.crosspoint.ch\/?page_id=514"},"modified":"2024-11-04T17:04:38","modified_gmt":"2024-11-04T16:04:38","slug":"network","status":"publish","type":"page","link":"https:\/\/rmc-consulting.ch\/de\/network\/","title":{"rendered":"Netzwerk"},"content":{"rendered":"<div class=\"wp-block-stackable-call-to-action stk-block-call-to-action stk-block stk-80501f1 stk-block-background stk--has-background-overlay\" data-v=\"2\" data-block-id=\"80501f1\"><style>.stk-80501f1 {background-color:var(u002du002dtheme-palette-color-3, #4d5d6d) !important;background-image:url(https:\/\/rmc-consulting.ch\/wp-content\/uploads\/2024\/10\/ASPAC-147.png) !important;min-height:450px !important;align-items:flex-end !important;display:flex !important;}.stk-80501f1:before{background-color:var(u002du002dtheme-palette-color-3, #4d5d6d) !important;opacity:0 !important;}<\/style><div class=\"stk-block-call-to-action__content stk-content-align stk-80501f1-column stk-container stk-80501f1-container stk--no-background stk--no-padding\"><div class=\"has-text-align-center stk-block-content stk-inner-blocks stk-80501f1-inner-blocks\">\n<div class=\"wp-block-stackable-heading stk-block-heading stk-block-heading--v2 stk-block stk-2b51d47 stk-block-background\" id=\"specially-selected-for-you\" data-block-id=\"2b51d47\"><style>.stk-2b51d47 {background-color:#9f9887 !important;align-items:center !important;max-width:535px !important;min-width:auto !important;display:flex !important;opacity:1 !important;}.stk-2b51d47:before{background-color:#9f9887 !important;}.stk-2b51d47 .stk-block-heading__text{text-shadow:none !important;font-size:25px !important;color:var(u002du002dtheme-palette-color-8, #ffffff) !important;}@media screen and (max-width:999px){.stk-2b51d47 .stk-block-heading__text{font-size:25px !important;}}<\/style><h2 class=\"stk-block-heading__text has-text-color has-white-color has-text-align-left\">F\u00fcr Sie ausgew\u00e4hlt.<\/h2><\/div>\n<\/div><\/div><\/div>\n\n\n\n<div class=\"wp-block-stackable-heading stk-block-heading stk-block-heading--v2 stk-block stk-a148d4b\" id=\"do-you-like-cherry-picking-our-trees-are-ripe-and-ready\" data-block-id=\"a148d4b\"><style>.stk-a148d4b {padding-top:0px !important;padding-right:0px !important;padding-bottom:0px !important;padding-left:0px !important;}.stk-a148d4b .stk-block-heading__text{color:#313131 !important;}<\/style><h2 class=\"stk-block-heading__text has-text-color\">Picken Sie gerne Rosinen? Wir haben Sie.<\/h2><\/div>\n\n\n\n<p><strong><strong>RMC Consulting AG verf\u00fcgt \u00fcber ein Netzwerk an Partnern aus der Kommunikationsbranche, der IT, Human Resources und der Treuhandbranche.<\/strong><\/strong><br>Die schlanke Struktur des eigenen Unternehmens erlaubt es, abgestimmt auf ein Kundenprojekt genau diejenigen sorgf\u00e4ltig ausgew\u00e4hlten Netzwerkpartner beizuziehen, die sich am besten daf\u00fcr eignen.<\/p>","protected":false},"excerpt":{"rendered":"<p>Specially selected for you. Do you like &#8220;cherry-picking&#8221;?&nbsp;Our trees are ripe and ready. RMC Consulting AG maintains a network of partners from the communications, IT, human resources and fiduciary services sectors.The compact structure of our company allows us to tailor our services to suit your needs, including bringing in network partners to offer specialized advice [&hellip;]<\/p>","protected":false},"author":3,"featured_media":0,"parent":0,"menu_order":0,"comment_status":"closed","ping_status":"closed","template":"","meta":{"footnotes":""},"class_list":["post-514","page","type-page","status-publish","hentry"],"blocksy_meta":[],"_links":{"self":[{"href":"https:\/\/rmc-consulting.ch\/de\/wp-json\/wp\/v2\/pages\/514","targetHints":{"allow":["GET"]}}],"collection":[{"href":"https:\/\/rmc-consulting.ch\/de\/wp-json\/wp\/v2\/pages"}],"about":[{"href":"https:\/\/rmc-consulting.ch\/de\/wp-json\/wp\/v2\/types\/page"}],"author":[{"embeddable":true,"href":"https:\/\/rmc-consulting.ch\/de\/wp-json\/wp\/v2\/users\/3"}],"replies":[{"embeddable":true,"href":"https:\/\/rmc-consulting.ch\/de\/wp-json\/wp\/v2\/comments?post=514"}],"version-history":[{"count":5,"href":"https:\/\/rmc-consulting.ch\/de\/wp-json\/wp\/v2\/pages\/514\/revisions"}],"predecessor-version":[{"id":699,"href":"https:\/\/rmc-consulting.ch\/de\/wp-json\/wp\/v2\/pages\/514\/revisions\/699"}],"wp:attachment":[{"href":"https:\/\/rmc-consulting.ch\/de\/wp-json\/wp\/v2\/media?parent=514"}],"curies":[{"name":"wp","href":"https:\/\/api.w.org\/{rel}","templated":true}]}}