{"id":509,"date":"2024-09-12T20:41:22","date_gmt":"2024-09-12T19:41:22","guid":{"rendered":"https:\/\/rmc.crosspoint.ch\/?page_id=509"},"modified":"2024-11-04T17:43:00","modified_gmt":"2024-11-04T16:43:00","slug":"about","status":"publish","type":"page","link":"https:\/\/rmc-consulting.ch\/de\/about\/","title":{"rendered":"About"},"content":{"rendered":"<div class=\"wp-block-stackable-call-to-action stk-block-call-to-action stk-block stk-80501f1 stk-block-background stk--has-background-overlay\" data-v=\"2\" data-block-id=\"80501f1\"><style>.stk-80501f1 {background-color:var(u002du002dtheme-palette-color-3, #4d5d6d) !important;background-image:url(https:\/\/rmc-consulting.ch\/wp-content\/uploads\/2024\/10\/DSC_4952-scaled.jpg) !important;min-height:450px !important;align-items:flex-end !important;display:flex !important;}.stk-80501f1:before{background-color:var(u002du002dtheme-palette-color-3, #4d5d6d) !important;opacity:0 !important;}<\/style><div class=\"stk-block-call-to-action__content stk-content-align stk-80501f1-column stk-container stk-80501f1-container stk--no-background stk--no-padding\"><div class=\"has-text-align-center stk-block-content stk-inner-blocks stk-80501f1-inner-blocks\">\n<div class=\"wp-block-stackable-heading stk-block-heading stk-block-heading--v2 stk-block stk-2b51d47 stk-block-background\" id=\"experience-on-five-continents\" data-block-id=\"2b51d47\"><style>.stk-2b51d47 {background-color:#9f9887 !important;align-items:center !important;max-width:535px !important;min-width:auto !important;display:flex !important;opacity:1 !important;}.stk-2b51d47:before{background-color:#9f9887 !important;}.stk-2b51d47 .stk-block-heading__text{text-shadow:none !important;font-size:25px !important;color:var(u002du002dtheme-palette-color-8, #ffffff) !important;}@media screen and (max-width:999px){.stk-2b51d47 .stk-block-heading__text{font-size:25px !important;}}<\/style><h2 class=\"stk-block-heading__text has-text-color has-white-color has-text-align-left\">Erfahrung aus allen f\u00fcnf Kontinenten.<\/h2><\/div>\n<\/div><\/div><\/div>\n\n\n\n<div class=\"wp-block-stackable-heading stk-block-heading stk-block-heading--v2 stk-block stk-a148d4b\" id=\"international-markets-are-you-looking-for-special-expertise\" data-block-id=\"a148d4b\"><style>.stk-a148d4b {padding-top:0px !important;padding-right:0px !important;padding-bottom:0px !important;padding-left:0px !important;}.stk-a148d4b .stk-block-heading__text{color:#313131 !important;}<\/style><h2 class=\"stk-block-heading__text has-text-color\">Internationale M\u00e4rkte. Suchen Sie Kompetenz?<\/h2><\/div>\n\n\n\n<div class=\"wp-block-stackable-text stk-block-text stk-block stk-c8c28f3\" data-block-id=\"c8c28f3\"><style>.stk-c8c28f3 {margin-bottom:8px !important;}<\/style><p class=\"stk-block-text__text\">Ren\u00e9 M\u00e4chler<\/p><\/div>\n\n\n\n<div class=\"wp-block-columns is-layout-flex wp-container-core-columns-is-layout-1 wp-block-columns-is-layout-flex\">\n<div class=\"wp-block-column is-layout-flow wp-block-column-is-layout-flow\" style=\"flex-basis:33.33%\">\n<div class=\"wp-block-stackable-image stk-block-image stk-block stk-7eee3dc\" data-block-id=\"7eee3dc\"><style>.stk-7eee3dc {align-items:flex-end !important;padding-top:0px !important;padding-right:0px !important;padding-bottom:0px !important;padding-left:0px !important;display:flex !important;}.stk-7eee3dc .stk-img-wrapper{width:100% !important;height:350px !important;}<\/style><figure><span class=\"stk-img-wrapper stk-image--shape-stretch\"><img loading=\"lazy\" decoding=\"async\" class=\"stk-img wp-image-510\" src=\"https:\/\/rmc-consulting.ch\/wp-content\/uploads\/2024\/09\/Rene_Portrait-e1726170049370.jpg\" width=\"799\" height=\"767\" alt=\"Portrait Ren\u00e9 M\u00e4chler\" srcset=\"https:\/\/rmc-consulting.ch\/wp-content\/uploads\/2024\/09\/Rene_Portrait-e1726170049370.jpg 799w, https:\/\/rmc-consulting.ch\/wp-content\/uploads\/2024\/09\/Rene_Portrait-e1726170049370-300x288.jpg 300w, https:\/\/rmc-consulting.ch\/wp-content\/uploads\/2024\/09\/Rene_Portrait-e1726170049370-768x737.jpg 768w, https:\/\/rmc-consulting.ch\/wp-content\/uploads\/2024\/09\/Rene_Portrait-e1726170049370-13x12.jpg 13w\" sizes=\"auto, (max-width: 799px) 100vw, 799px\" \/><\/span><\/figure><\/div>\n<\/div>\n\n\n\n<div class=\"wp-block-column is-layout-flow wp-block-column-is-layout-flow\" style=\"flex-basis:66.66%\">\n<p>RMC Consulting AG wurde 2012 vom Inhaber Ren\u00e9 M\u00e4chler gegr\u00fcndet. Er hat auf allen f\u00fcnf Kontinenten gearbeitet und verf\u00fcgt \u00fcber jahrzehntelange Erfahrung im Aufbau von Vertriebsgesellschaften und von Importeuren f\u00fcr einen international t\u00e4tigen Konzern aus dem Bausektor.<\/p>\n\n\n\n<p>Mit dem Hintergrund eines Technikberufs ausgestattet, eignete sich Ren\u00e9 M\u00e4chler Fachkompetenz im technischen Beratungsdienst, im Produktmanagement, im internationalen Verkauf, in Marketing und Kommunikation sowie im Business Development von strategischen Grossprojekten an.<\/p>\n\n\n\n<p>Aufbauend auf diesem Erfahrungsschatz ber\u00e4t RMC Consulting AG heute Firmen bei jedem Schritt der Expansion in neue M\u00e4rkte. Um die Bed\u00fcrfnisse der Kunden im Zielmarkt l\u00fcckenlos zu erf\u00fcllen, ber\u00fccksichtigen wir alle Elemente: Gestaltung von Produkten und Werbemitteln, Definition von Verkaufshilfen, Verkaufspunkten und personellen Ressourcen, Schulung des eigenen Teams oder der Vertriebspartner im Exportland \u2013 und vieles mehr.<\/p>\n<\/div>\n<\/div>","protected":false},"excerpt":{"rendered":"<p>Experience on five continents. International Markets. Are you looking for special expertise? Ren\u00e9 M\u00e4chler RMC Consulting AG was founded in 2012 by owner\/CEO Ren\u00e9 M\u00e4chler. He has worked on five continents and has decades of experience in the area of business development and building up of sales organizations and distributors for a multi-national firm in [&hellip;]<\/p>","protected":false},"author":3,"featured_media":0,"parent":0,"menu_order":0,"comment_status":"closed","ping_status":"closed","template":"","meta":{"footnotes":""},"class_list":["post-509","page","type-page","status-publish","hentry"],"blocksy_meta":[],"_links":{"self":[{"href":"https:\/\/rmc-consulting.ch\/de\/wp-json\/wp\/v2\/pages\/509","targetHints":{"allow":["GET"]}}],"collection":[{"href":"https:\/\/rmc-consulting.ch\/de\/wp-json\/wp\/v2\/pages"}],"about":[{"href":"https:\/\/rmc-consulting.ch\/de\/wp-json\/wp\/v2\/types\/page"}],"author":[{"embeddable":true,"href":"https:\/\/rmc-consulting.ch\/de\/wp-json\/wp\/v2\/users\/3"}],"replies":[{"embeddable":true,"href":"https:\/\/rmc-consulting.ch\/de\/wp-json\/wp\/v2\/comments?post=509"}],"version-history":[{"count":6,"href":"https:\/\/rmc-consulting.ch\/de\/wp-json\/wp\/v2\/pages\/509\/revisions"}],"predecessor-version":[{"id":705,"href":"https:\/\/rmc-consulting.ch\/de\/wp-json\/wp\/v2\/pages\/509\/revisions\/705"}],"wp:attachment":[{"href":"https:\/\/rmc-consulting.ch\/de\/wp-json\/wp\/v2\/media?parent=509"}],"curies":[{"name":"wp","href":"https:\/\/api.w.org\/{rel}","templated":true}]}}