{"id":463,"date":"2023-11-28T09:45:54","date_gmt":"2023-11-28T08:45:54","guid":{"rendered":"https:\/\/rmc.crosspoint.ch\/?page_id=463"},"modified":"2024-11-04T10:32:32","modified_gmt":"2024-11-04T09:32:32","slug":"cookie-policy","status":"publish","type":"page","link":"https:\/\/rmc-consulting.ch\/de\/cookie-policy\/","title":{"rendered":"Privacy and Cookie Policy"},"content":{"rendered":"<div class=\"wp-block-stackable-heading stk-block-heading stk-block-heading--v2 stk-block stk-c06243a\" id=\"personal-data\" data-block-id=\"c06243a\"><h2 class=\"stk-block-heading__text\">Pers\u00f6nliche Daten<\/h2><\/div>\n\n\n\n<p>Wir <strong>sammeln keine<\/strong> pers\u00f6nlichen Daten auf dieser Webseite<\/p>\n\n\n\n<div class=\"wp-block-stackable-heading stk-block-heading stk-block-heading--v2 stk-block stk-7e93ac6\" id=\"cookies\" data-block-id=\"7e93ac6\"><h2 class=\"stk-block-heading__text\">Cookies<\/h2><\/div>\n\n\n\n<p>Ein Cookie ist eine kleine Textdatei, welche vom Webbrowser beim Besuch einer Webseite auf dem Ger\u00e4t eines Benutzers gespeichert wird.<\/p>\n\n\n\n<p>Unsere Webseite verwendet ausschliesslich Cookies, welche f\u00fcr den Betrieb der Webseite notwendig sind<\/p>\n\n\n\n<p>Wir <strong>verwenden keine<\/strong> Cookies f\u00fcr andere Zwecke wie: <\/p>\n\n\n\n<ul class=\"wp-block-list\">\n<li>Datensammlung f\u00fcr Statistiken<\/li>\n\n\n\n<li>Speicherung von Eingaben, welche Sie get\u00e4tigt haben, um bei sp\u00e4teren Besuchen wieder zur Verf\u00fcgung stehen<\/li>\n\n\n\n<li>Verfolgung Ihres Surf-Verhaltens \u00fcber Websites hinweg durch Werbe- und Social-Media-Dienstleister<\/li>\n<\/ul>\n\n\n\n<p><\/p>\n\n\n\n<p><\/p>","protected":false},"excerpt":{"rendered":"<p>Personal Data We do not collect personal data on this site. Cookies A cookie is a small piece of data stored on a user\u2019s device by the web browser when visiting a website. Our website uses only cookies which are necessary for running the website. We do not use cookies for other purposes like<\/p>","protected":false},"author":1,"featured_media":0,"parent":0,"menu_order":0,"comment_status":"closed","ping_status":"closed","template":"","meta":{"footnotes":""},"class_list":["post-463","page","type-page","status-publish","hentry"],"blocksy_meta":[],"_links":{"self":[{"href":"https:\/\/rmc-consulting.ch\/de\/wp-json\/wp\/v2\/pages\/463","targetHints":{"allow":["GET"]}}],"collection":[{"href":"https:\/\/rmc-consulting.ch\/de\/wp-json\/wp\/v2\/pages"}],"about":[{"href":"https:\/\/rmc-consulting.ch\/de\/wp-json\/wp\/v2\/types\/page"}],"author":[{"embeddable":true,"href":"https:\/\/rmc-consulting.ch\/de\/wp-json\/wp\/v2\/users\/1"}],"replies":[{"embeddable":true,"href":"https:\/\/rmc-consulting.ch\/de\/wp-json\/wp\/v2\/comments?post=463"}],"version-history":[{"count":5,"href":"https:\/\/rmc-consulting.ch\/de\/wp-json\/wp\/v2\/pages\/463\/revisions"}],"predecessor-version":[{"id":661,"href":"https:\/\/rmc-consulting.ch\/de\/wp-json\/wp\/v2\/pages\/463\/revisions\/661"}],"wp:attachment":[{"href":"https:\/\/rmc-consulting.ch\/de\/wp-json\/wp\/v2\/media?parent=463"}],"curies":[{"name":"wp","href":"https:\/\/api.w.org\/{rel}","templated":true}]}}