{"id":354,"date":"2023-11-15T16:17:23","date_gmt":"2023-11-15T16:17:23","guid":{"rendered":"https:\/\/rmc.crosspoint.ch\/?page_id=354"},"modified":"2024-11-04T17:03:54","modified_gmt":"2024-11-04T16:03:54","slug":"markets","status":"publish","type":"page","link":"https:\/\/rmc-consulting.ch\/de\/markets\/","title":{"rendered":"M\u00e4rkte"},"content":{"rendered":"<div class=\"wp-block-stackable-call-to-action stk-block-call-to-action stk-block stk-80501f1 stk-block-background stk--has-background-overlay\" data-v=\"2\" data-block-id=\"80501f1\"><style>.stk-80501f1 {background-color:var(--theme-palette-color-3, #4d5d6d) !important;background-image:url(https:\/\/rmc-consulting.ch\/wp-content\/uploads\/2024\/08\/ASPAC-878.png) !important;min-height:450px !important;align-items:flex-end !important;display:flex !important;}.stk-80501f1:before{background-color:var(--theme-palette-color-3, #4d5d6d) !important;opacity:0 !important;}<\/style><div class=\"stk-block-call-to-action__content stk-content-align stk-80501f1-column stk-container stk-80501f1-container stk--no-background stk--no-padding\"><div class=\"has-text-align-center stk-block-content stk-inner-blocks stk-80501f1-inner-blocks\">\n<div class=\"wp-block-stackable-heading stk-block-heading stk-block-heading--v2 stk-block stk-2b51d47 stk-block-background\" id=\"opening-doors-for-your-products\" data-block-id=\"2b51d47\"><style>.stk-2b51d47 {background-color:#9f9887 !important;align-items:center !important;max-width:535px !important;min-width:auto !important;display:flex !important;opacity:1 !important;}.stk-2b51d47:before{background-color:#9f9887 !important;}.stk-2b51d47 .stk-block-heading__text{text-shadow:none !important;font-size:25px !important;color:var(--theme-palette-color-8, #ffffff) !important;}@media screen and (max-width:999px){.stk-2b51d47 .stk-block-heading__text{font-size:25px !important;}}<\/style><h2 class=\"stk-block-heading__text has-text-color has-white-color has-text-align-left\">Die T\u00fcren f\u00fcr Ihre Produkte \u00f6ffnen.<\/h2><\/div>\n<\/div><\/div><\/div>\n\n\n\n<div class=\"wp-block-stackable-heading stk-block-heading stk-block-heading--v2 stk-block stk-a148d4b\" id=\"the-world-is-ready-are-you\" data-block-id=\"a148d4b\"><style>.stk-a148d4b {padding-top:0px !important;padding-right:0px !important;padding-bottom:0px !important;padding-left:0px !important;}.stk-a148d4b .stk-block-heading__text{color:#313131 !important;}<\/style><h2 class=\"stk-block-heading__text has-text-color\">Die Welt ist bereit. Sind Sie es auch?<\/h2><\/div>\n\n\n\n<p><strong><strong>Ren\u00e9 M\u00e4chler, der CEO und Inhaber von RMC Consulting AG, hat im Laufe seiner jahrzehntelangen Karriere f\u00fcr unterschiedlichste L\u00e4nder und Weltregionen gearbeitet.<\/strong><\/strong><\/p>\n\n\n\n<p>Seine T\u00e4tigkeit beinhaltete den Aufbau eigener Vertriebsgesellschaften und von Partnerschaften mit lokalen Unternehmen. Arbeitsstationen waren unter anderem:<\/p>\n\n\n\n<ul class=\"wp-block-list\">\n<li>Europa: Griechenland, Grossbritannien, Malta, Polen, Portugal, Rum\u00e4nien, Russland, Spanien, Skandinavien, Tschechien, Ukraine, Ungarn, Zypern<\/li>\n\n\n\n<li>Asien: T\u00fcrkei, Indien, Singapur<\/li>\n\n\n\n<li>Naher Osten: Israel, Vereinigte Arabische Emirate<\/li>\n\n\n\n<li>Pazifik: Australien, Neuseeland<\/li>\n\n\n\n<li>Afrika: \u00c4gypten, Ghana, Marokko, Tunesien, S\u00fcdafrika, Sambia<\/li>\n\n\n\n<li>Karibik<\/li>\n<\/ul>\n\n\n\n<p>RMC Consulting AG versteht sich als Ihr Partner, der Br\u00fccken zu internationalen M\u00e4rkten baut. Diese tragf\u00e4higen Br\u00fccken fungieren als wirksame Werkzeuge, um Ihre Produkte und Dienstleistungen im entsprechenden Markt zu verankern. Nicht zuletzt st\u00e4rkt dieses Vorgehen den Werkplatz Schweiz als Ihren Produktions- und Managementstandort.<\/p>","protected":false},"excerpt":{"rendered":"<p>Opening doors for your products. The world is ready. Are you? Ren\u00e9 M\u00e4chler, CEO and owner of RMC Consulting AG, has worked in a variety of countries and regions throughout his career. His activities have included launching of his own trading companies as well as partnerships with local distributors in the following locations: RMC Consulting [&hellip;]<\/p>","protected":false},"author":1,"featured_media":0,"parent":0,"menu_order":0,"comment_status":"closed","ping_status":"closed","template":"","meta":{"footnotes":""},"class_list":["post-354","page","type-page","status-publish","hentry"],"blocksy_meta":[],"_links":{"self":[{"href":"https:\/\/rmc-consulting.ch\/de\/wp-json\/wp\/v2\/pages\/354","targetHints":{"allow":["GET"]}}],"collection":[{"href":"https:\/\/rmc-consulting.ch\/de\/wp-json\/wp\/v2\/pages"}],"about":[{"href":"https:\/\/rmc-consulting.ch\/de\/wp-json\/wp\/v2\/types\/page"}],"author":[{"embeddable":true,"href":"https:\/\/rmc-consulting.ch\/de\/wp-json\/wp\/v2\/users\/1"}],"replies":[{"embeddable":true,"href":"https:\/\/rmc-consulting.ch\/de\/wp-json\/wp\/v2\/comments?post=354"}],"version-history":[{"count":13,"href":"https:\/\/rmc-consulting.ch\/de\/wp-json\/wp\/v2\/pages\/354\/revisions"}],"predecessor-version":[{"id":698,"href":"https:\/\/rmc-consulting.ch\/de\/wp-json\/wp\/v2\/pages\/354\/revisions\/698"}],"wp:attachment":[{"href":"https:\/\/rmc-consulting.ch\/de\/wp-json\/wp\/v2\/media?parent=354"}],"curies":[{"name":"wp","href":"https:\/\/api.w.org\/{rel}","templated":true}]}}