{"id":31,"date":"2023-11-14T07:15:53","date_gmt":"2023-11-14T07:15:53","guid":{"rendered":"https:\/\/rmc.crosspoint.ch\/?page_id=31"},"modified":"2024-11-04T17:08:37","modified_gmt":"2024-11-04T16:08:37","slug":"home","status":"publish","type":"page","link":"https:\/\/rmc-consulting.ch\/de\/","title":{"rendered":"Home"},"content":{"rendered":"<div class=\"wp-block-stackable-call-to-action stk-block-call-to-action stk-block stk-80501f1 stk-block-background stk--has-background-overlay\" data-v=\"2\" data-block-id=\"80501f1\"><style>.stk-80501f1 {background-image:url(https:\/\/rmc-consulting.ch\/wp-content\/uploads\/2024\/08\/Home_Bridge.png) !important;min-height:450px !important;align-items:flex-end !important;display:flex !important;}.stk-80501f1:before{opacity:0 !important;}<\/style><div class=\"stk-block-call-to-action__content stk-content-align stk-80501f1-column stk-container stk-80501f1-container stk--no-background stk--no-padding\"><div class=\"has-text-align-center stk-block-content stk-inner-blocks stk-80501f1-inner-blocks\">\n<div class=\"wp-block-stackable-heading stk-block-heading stk-block-heading--v2 stk-block stk-2b51d47 stk-block-background\" id=\"building-bridges-for-br-international-expansion\" data-block-id=\"2b51d47\"><style>.stk-2b51d47 {background-color:#9f9887 !important;align-items:center !important;max-width:535px !important;min-width:auto !important;display:flex !important;opacity:1 !important;}.stk-2b51d47:before{background-color:#9f9887 !important;}.stk-2b51d47 .stk-block-heading__text{text-shadow:none !important;color:var(--theme-palette-color-7, #FBFBFC) !important;}<\/style><h4 class=\"stk-block-heading__text has-text-color has-white-color has-text-align-left\">Br\u00fccken schlagen <br>f\u00fcr internationale Expansionen.<\/h4><\/div>\n<\/div><\/div><\/div>\n\n\n\n<div class=\"wp-block-stackable-feature-grid stk-block-feature-grid stk-block-columns stk-block stk-2ddd8d1 is-style-default\" data-block-id=\"2ddd8d1\"><div class=\"stk-row stk-inner-blocks has-text-align-center stk-block-content stk-content-align stk-2ddd8d1-column\">\n<div class=\"wp-block-stackable-column stk-block-column stk-column stk-block stk-9a5b664\" data-v=\"4\" data-block-id=\"9a5b664\"><style>.stk-9a5b664-container{border-radius:20px !important;overflow:hidden !important;box-shadow:0 5px 5px 0 #123f5209 !important;}<\/style><div class=\"stk-column-wrapper stk-block-column__content stk-container stk-9a5b664-container stk-hover-parent\"><div class=\"stk-block-content stk-inner-blocks stk-9a5b664-inner-blocks\">\n<div class=\"wp-block-stackable-heading stk-block-heading stk-block-heading--v2 stk-block stk-cf8e157\" id=\"international-business-development\" data-block-id=\"cf8e157\"><style>.stk-cf8e157 .stk-block-heading__text{color:#313131 !important;}<\/style><h4 class=\"stk-block-heading__text has-text-color has-text-align-left\">International Business Development<\/h4><\/div>\n\n\n\n<div class=\"wp-block-stackable-text stk-block-text stk-block stk-75de861\" data-block-id=\"75de861\"><p class=\"stk-block-text__text has-text-align-left\">RMC Consulting AG ist Ihr Partner f\u00fcr International Business Development. Wir beraten kleine und mittlere Unternehmen in der Schweiz und machen Teams, Produkte und Dienstleistungen fit f\u00fcr den Eintritt in internationale M\u00e4rkte.<\/p><\/div>\n\n\n\n<div class=\"wp-block-stackable-button-group stk-block-button-group stk-block stk-fe29036\" data-block-id=\"fe29036\"><style>.stk-fe29036 .stk-button-group{flex-direction:row !important;}@media screen and (max-width:999px){.stk-fe29036 .stk-button-group{flex-direction:row !important;}}@media screen and (max-width:689px){.stk-fe29036 .stk-button-group{flex-direction:row !important;}}<\/style><div class=\"stk-row stk-inner-blocks has-text-align-left stk-block-content stk-button-group\">\n<div class=\"wp-block-stackable-button stk-block-button is-style-plain stk-block stk-bcd38aa\" data-block-id=\"bcd38aa\"><style>.stk-bcd38aa .stk-button{padding-right:24px !important;padding-left:24px !important;background:#313131 !important;border-top-left-radius:0px !important;border-top-right-radius:0px !important;border-bottom-right-radius:0px !important;border-bottom-left-radius:0px !important;}.stk-bcd38aa .stk-button__inner-text{font-size:18px !important;color:#FFFFFF !important;font-family:\"Inter\", Sans-serif !important;}@media screen and (max-width:999px){.stk-bcd38aa .stk-button__inner-text{font-size:18px !important;}}<\/style><a class=\"stk-link stk-button stk--hover-effect-darken\" href=\"https:\/\/rmc-consulting.ch\/de\/about\/\"><span class=\"has-text-color has-white-color stk-button__inner-text\">Erfahren Sie mehr \u00fcber RMC<\/span><\/a><\/div>\n<\/div><\/div>\n<\/div><\/div><\/div>\n\n\n\n<div class=\"wp-block-stackable-column stk-block-column stk-column stk-block stk-17a2678\" data-v=\"4\" data-block-id=\"17a2678\"><style>.stk-17a2678-container{border-radius:20px !important;overflow:hidden !important;box-shadow:0 5px 5px 0 #123f5209 !important;}<\/style><div class=\"stk-column-wrapper stk-block-column__content stk-container stk-17a2678-container stk-hover-parent\"><div class=\"stk-block-content stk-inner-blocks stk-17a2678-inner-blocks\">\n<div class=\"wp-block-stackable-heading stk-block-heading stk-block-heading--v2 stk-block stk-c8010b0\" id=\"know-how-for-your-expansion-plans\" data-block-id=\"c8010b0\"><style>.stk-c8010b0 .stk-block-heading__text{color:#313131 !important;}<\/style><h4 class=\"stk-block-heading__text has-text-color has-text-align-left\">Know-how f\u00fcr Ihre Expansion<\/h4><\/div>\n\n\n\n<div class=\"wp-block-stackable-text stk-block-text stk-block stk-50e6b91\" data-block-id=\"50e6b91\"><p class=\"stk-block-text__text has-text-align-left\">Wie baut man einen Vertrieb in fremden L\u00e4ndern oder gar Kontinenten nachhaltig auf? Das ist nur eine der Fragen, die Sie uns gerne stellen d\u00fcrfen. Denn wir betreuen Sie auf dem ganzen Weg, den Ihre Firma im In- und Ausland beschreiten m\u00f6chte.<\/p><\/div>\n\n\n\n<div class=\"wp-block-stackable-button-group stk-block-button-group stk-block stk-b10dc13\" data-block-id=\"b10dc13\"><style>.stk-b10dc13 .stk-button-group{flex-direction:row !important;}@media screen and (max-width:999px){.stk-b10dc13 .stk-button-group{flex-direction:row !important;}}@media screen and (max-width:689px){.stk-b10dc13 .stk-button-group{flex-direction:row !important;}}<\/style><div class=\"stk-row stk-inner-blocks has-text-align-left stk-block-content stk-button-group\">\n<div class=\"wp-block-stackable-button stk-block-button is-style-plain stk-block stk-cf35c8f\" data-block-id=\"cf35c8f\"><style>.stk-cf35c8f .stk-button{padding-right:24px !important;padding-left:24px !important;background:#313131 !important;}.stk-cf35c8f .stk-button__inner-text{font-size:18px !important;color:#FFFFFF !important;font-family:\"Inter\", Sans-serif !important;}@media screen and (max-width:999px){.stk-cf35c8f .stk-button__inner-text{font-size:18px !important;}}<\/style><a class=\"stk-link stk-button stk--hover-effect-darken\" href=\"https:\/\/rmc-consulting.ch\/de\/our-services\/\"><span class=\"has-text-color has-white-color stk-button__inner-text\">Unsere Dienstleistungen<\/span><\/a><\/div>\n<\/div><\/div>\n<\/div><\/div><\/div>\n\n\n\n<div class=\"wp-block-stackable-column stk-block-column stk-column stk-block stk-27a77d1\" data-v=\"4\" data-block-id=\"27a77d1\"><style>.stk-27a77d1-container{border-radius:20px !important;overflow:hidden !important;box-shadow:0 5px 5px 0 #123f5209 !important;}<\/style><div class=\"stk-column-wrapper stk-block-column__content stk-container stk-27a77d1-container stk-hover-parent\"><div class=\"stk-block-content stk-inner-blocks stk-27a77d1-inner-blocks\">\n<div class=\"wp-block-stackable-heading stk-block-heading stk-block-heading--v2 stk-block stk-0027648\" id=\"entering-new-territory\" data-block-id=\"0027648\"><style>.stk-0027648 .stk-block-heading__text{color:#313131 !important;}<\/style><h4 class=\"stk-block-heading__text has-text-color has-text-align-left\">Erobern Sie Neuland<\/h4><\/div>\n\n\n\n<div class=\"wp-block-stackable-text stk-block-text stk-block stk-838a5da\" data-block-id=\"838a5da\"><p class=\"stk-block-text__text has-text-align-left\">Welchen Markt haben Sie f\u00fcr Ihr Unternehmen ins Auge gefasst? Nehmen Sie Kontakt mit uns auf. Zusammen mit Ihnen bauen wir Br\u00fccken, die Ihren Einstieg ins internationale Gesch\u00e4ft unkompliziert und professionell gestalten.<\/p><\/div>\n\n\n\n<div class=\"wp-block-stackable-button-group stk-block-button-group stk-block stk-3f4f505\" data-block-id=\"3f4f505\"><style>.stk-3f4f505 .stk-button-group{flex-direction:row !important;}@media screen and (max-width:999px){.stk-3f4f505 .stk-button-group{flex-direction:row !important;}}@media screen and (max-width:689px){.stk-3f4f505 .stk-button-group{flex-direction:row !important;}}<\/style><div class=\"stk-row stk-inner-blocks has-text-align-left stk-block-content stk-button-group\">\n<div class=\"wp-block-stackable-button stk-block-button is-style-plain stk-block stk-b1f54f1\" data-block-id=\"b1f54f1\"><style>.stk-b1f54f1 .stk-button{padding-right:24px !important;padding-left:24px !important;background:#313131 !important;}.stk-b1f54f1 .stk-button__inner-text{font-size:18px !important;color:#FFFFFF !important;font-family:\"Inter\", Sans-serif !important;}@media screen and (max-width:999px){.stk-b1f54f1 .stk-button__inner-text{font-size:18px !important;}}<\/style><a class=\"stk-link stk-button stk--hover-effect-darken\" href=\"https:\/\/rmc-consulting.ch\/de\/markets\/\"><span class=\"has-text-color has-white-color stk-button__inner-text\">M\u00e4rkte<\/span><\/a><\/div>\n<\/div><\/div>\n<\/div><\/div><\/div>\n<\/div><\/div>\n\n\n\n<p><\/p>","protected":false},"excerpt":{"rendered":"<p>Building bridges for international expansion. International Business Development RMC Consulting AG is your partner for international business development. We offer specialized consulting for small and medium-sized companies in Switzerland and help prepare their teams, products and services for entry into the international marketplace. Find out more about RMC Know-how for Your Expansion Plans What factors [&hellip;]<\/p>","protected":false},"author":1,"featured_media":61,"parent":0,"menu_order":0,"comment_status":"closed","ping_status":"closed","template":"","meta":{"footnotes":""},"class_list":["post-31","page","type-page","status-publish","has-post-thumbnail","hentry"],"blocksy_meta":{"content_style_source":"inherit","disable_featured_image":"no","styles_descriptor":{"styles":{"desktop":"","tablet":"","mobile":""},"google_fonts":[],"version":6}},"_links":{"self":[{"href":"https:\/\/rmc-consulting.ch\/de\/wp-json\/wp\/v2\/pages\/31","targetHints":{"allow":["GET"]}}],"collection":[{"href":"https:\/\/rmc-consulting.ch\/de\/wp-json\/wp\/v2\/pages"}],"about":[{"href":"https:\/\/rmc-consulting.ch\/de\/wp-json\/wp\/v2\/types\/page"}],"author":[{"embeddable":true,"href":"https:\/\/rmc-consulting.ch\/de\/wp-json\/wp\/v2\/users\/1"}],"replies":[{"embeddable":true,"href":"https:\/\/rmc-consulting.ch\/de\/wp-json\/wp\/v2\/comments?post=31"}],"version-history":[{"count":51,"href":"https:\/\/rmc-consulting.ch\/de\/wp-json\/wp\/v2\/pages\/31\/revisions"}],"predecessor-version":[{"id":702,"href":"https:\/\/rmc-consulting.ch\/de\/wp-json\/wp\/v2\/pages\/31\/revisions\/702"}],"wp:featuredmedia":[{"embeddable":true,"href":"https:\/\/rmc-consulting.ch\/de\/wp-json\/wp\/v2\/media\/61"}],"wp:attachment":[{"href":"https:\/\/rmc-consulting.ch\/de\/wp-json\/wp\/v2\/media?parent=31"}],"curies":[{"name":"wp","href":"https:\/\/api.w.org\/{rel}","templated":true}]}}